{"id":760,"date":"2025-01-30T12:09:14","date_gmt":"2025-01-30T12:09:14","guid":{"rendered":"https:\/\/praxis-schollmeyer.de\/about\/"},"modified":"2025-10-02T15:47:11","modified_gmt":"2025-10-02T13:47:11","slug":"about","status":"publish","type":"page","link":"https:\/\/praxis-schollmeyer.de\/en\/about\/","title":{"rendered":"About Me"},"content":{"rendered":"<div class=\"wp-block-uagb-container uagb-block-393ec660 alignfull uagb-is-root-container\"><div class=\"uagb-container-inner-blocks-wrap\">\n<div class=\"wp-block-uagb-info-box uagb-block-3f17fba2 uagb-infobox__content-wrap  uagb-infobox-icon-above-title uagb-infobox-image-valign-top wp-block-uagb-info-box--has-margin\"><div class=\"uagb-infobox-margin-wrapper\"><div class=\"uagb-ifb-content\"><div class=\"uagb-ifb-title-wrap\"><h1 class=\"uagb-ifb-title\">About Me<\/h1><\/div><\/div><\/div><\/div>\n<\/div><\/div>\n\n\n\n<div class=\"wp-block-uagb-container uagb-layout-flex uagb-block-qshzjwrp alignfull uagb-is-root-container\"><div class=\"uagb-container-inner-blocks-wrap\">\n<div class=\"wp-block-uagb-container uagb-block-rt7xkq8x\">\n<div class=\"wp-block-uagb-info-box uagb-block-bfelnyqs uagb-infobox__content-wrap  uagb-infobox-icon-above-title uagb-infobox-image-valign-top\"><div class=\"uagb-ifb-content\"><div class=\"uagb-ifb-title-wrap\"><h2 class=\"uagb-ifb-title\">From Nutrition Science to Ayurveda and psychotherapy<\/h2><\/div><p class=\"uagb-ifb-desc\"><br><strong>Who I am<\/strong><br><br>I\u2019m Andrea Schollmeyer \u2013 a licensed non-medical practitioner for psychotherapy, Ayurvedic therapist, and nutrition scientist (M.Sc.). As a woman, partner, mother of two sons, and passionate dancer, I lead a colourful, dynamic life. Whether cooking with fresh ingredients, practising yoga, or recharging in the mountains or by the water, I find balance in movement, creativity, joy, and retreat. Family, friendships, and genuine connections are my sources of strength \u2013 they shape me, both as a person and as a therapist. \u00a0<br><\/p><\/div><\/div>\n<\/div>\n\n\n\n<div class=\"wp-block-uagb-container uagb-block-7cczp8ho\">\n<div class=\"wp-block-uagb-image aligncenter uagb-block-mleypbm7 wp-block-uagb-image--layout-default wp-block-uagb-image--effect-static wp-block-uagb-image--align-center alignleft\"><figure class=\"wp-block-uagb-image__figure\"><img decoding=\"async\" srcset=\"https:\/\/praxis-schollmeyer.de\/wp-content\/uploads\/2025\/03\/DSC02797-scaled.jpg ,https:\/\/praxis-schollmeyer.de\/wp-content\/uploads\/2025\/03\/DSC02797-scaled.jpg 780w, https:\/\/praxis-schollmeyer.de\/wp-content\/uploads\/2025\/03\/DSC02797-scaled.jpg 360w\" sizes=\"auto, (max-width: 480px) 150px\" src=\"https:\/\/praxis-schollmeyer.de\/wp-content\/uploads\/2025\/03\/DSC02797-scaled.jpg\" alt=\"\" class=\"uag-image-2449\" width=\"237\" height=\"360\" title=\"DSC02797\" loading=\"lazy\" role=\"img\"\/><\/figure><\/div>\n<\/div>\n\n\n\n<div class=\"wp-block-uagb-info-box uagb-block-912cd37f uagb-infobox__content-wrap  uagb-infobox-icon-above-title uagb-infobox-image-valign-top uag-hide-desktop uag-hide-tab\"><div class=\"uagb-ifb-content\"><div class=\"uagb-ifb-title-wrap\"><\/div><p class=\"uagb-ifb-desc\"><strong>My Journey<\/strong><br><br>My career began with a <strong>Master\u2019s in Nutritional Sciences<\/strong> and years as a product and project manager in the food industry. Over time, I realised my true passion lay beyond products and processes: I wanted to support people on their personal journeys \u2013 with <strong>empathy, respect, and genuine curiosity for their stories<\/strong>.<br><br>I love <strong>listening, making connections, and creating spaces where people feel understood and empowered.<\/strong>These qualities led me to <strong>Ayurveda,<\/strong> a tradition that views health as an individual, holistic process. Here, I recognised: <strong>True well-being arises when body, mind, and soul are in harmony<\/strong> \u2013 and the <strong>psyche<\/strong> plays a central role. How we process crises, manage stress, or embrace change profoundly shapes our quality of life.<br><br><strong>My Qualifications<\/strong><br><br>To support people on this path, I completed:<br><br>\u2022 qualification as <strong>non-medical practitioner for psychotherapy (Heilpraktikerin f\u00fcr Psychotherapie)<\/strong>,<br>\u2022 advanced training in <strong>solution-focused short-term therapy<\/strong>,<br>\u2022 in-depth <strong>Ayurvedic education<\/strong> with a focus on <strong>Ayurvedic psychotherapy<\/strong>.<br><br>Today, I combine my scientific background with Ayurvedic principles \u2013 and my strength in meeting people at eye level with genuine interest.<br>This has created a therapeutic approach that sees you in your <strong>wholeness,<\/strong><br> not just your struggles, but also your potential for growth.<br><br><strong>Curious?<\/strong><br><br>If you feel now is the right time to make a change, pause, or seek support, I\u2019d love to meet you.<br><br>\ud83d\udcde <strong>Book a no-obligation initial consultation<\/strong> \u2013 by phone, email, or via my contact form.<\/p><\/div><\/div>\n<\/div><\/div>\n\n\n\n<div class=\"wp-block-uagb-container uag-hide-mob uagb-block-57b37dd4 alignfull uagb-is-root-container\"><div class=\"uagb-container-inner-blocks-wrap\">\n<div class=\"wp-block-uagb-info-box uagb-block-e7debb0e uagb-infobox__content-wrap  uagb-infobox-icon-above-title uagb-infobox-image-valign-top\"><div class=\"uagb-ifb-content\"><div class=\"uagb-ifb-title-wrap\"><\/div><p class=\"uagb-ifb-desc\"><strong>My Journey<\/strong><br><br>My career began with a <strong>Master\u2019s in Nutritional Sciences<\/strong> and years as a product and project manager in the food industry. Over time, I realised my true passion lay beyond products and processes: I wanted to support people on their personal journeys \u2013 with <strong>empathy, respect, and genuine curiosity for their stories<\/strong>.<br><br>I love <strong>listening, making connections, and creating spaces where people feel understood and empowered.<\/strong>These qualities led me to <strong>Ayurveda,<\/strong> a tradition that views health as an individual, holistic process. Here, I recognised: <strong>True well-being arises when body, mind, and soul are in harmony<\/strong> \u2013 and the <strong>psyche<\/strong> plays a central role. How we process crises, manage stress, or embrace change profoundly shapes our quality of life.<br><br><strong>My Qualifications<\/strong><br><br>To support people on this path, I completed:<br><br>\u2022 qualification as <strong>non-medical practitioner for psychotherapy (Heilpraktikerin f\u00fcr Psychotherapie)<\/strong>,<br>\u2022 advanced training in <strong>solution-focused short-term therapy<\/strong>,<br>\u2022 in-depth <strong>Ayurvedic education<\/strong> with a focus on <strong>Ayurvedic psychotherapy<\/strong>.<br><br>Today, I combine my scientific background with Ayurvedic principles \u2013 and my strength in meeting people at eye level with genuine interest.<br>This has created a therapeutic approach that sees you in your <strong>wholeness,<\/strong> not just your struggles, but also your potential for growth.<br><br><strong>Curious?<\/strong><br><br>If you feel now is the right time to make a change, pause, or seek support, I\u2019d love to meet you.<br><br>\ud83d\udcde <strong>Book a no-obligation initial consultation<\/strong> \u2013 by phone, email, or via my contact form.<\/p><\/div><\/div>\n<\/div><\/div>\n\n\n\n<div class=\"wp-block-uagb-container uag-hide-mob uagb-block-f71c5b8e alignfull uagb-is-root-container\"><div class=\"uagb-container-inner-blocks-wrap\">\n<div class=\"wp-block-uagb-image uagb-block-e0f6a7c7 wp-block-uagb-image--layout-default wp-block-uagb-image--effect-static wp-block-uagb-image--align-none uag-hide-mob\"><figure class=\"wp-block-uagb-image__figure\"><img decoding=\"async\" srcset=\"https:\/\/praxis-schollmeyer.de\/wp-content\/uploads\/2025\/08\/schema_english.png 1493w, https:\/\/praxis-schollmeyer.de\/wp-content\/uploads\/2025\/08\/schema_english-300x98.png 300w, https:\/\/praxis-schollmeyer.de\/wp-content\/uploads\/2025\/08\/schema_english-1024x335.png 1024w, https:\/\/praxis-schollmeyer.de\/wp-content\/uploads\/2025\/08\/schema_english-768x251.png 768w, https:\/\/praxis-schollmeyer.de\/wp-content\/uploads\/2025\/08\/schema_english-18x6.png 18w\" sizes=\"auto, (max-width: 480px) 150px\" src=\"https:\/\/praxis-schollmeyer.de\/wp-content\/uploads\/2025\/08\/schema_english.png\" alt=\"\" class=\"uag-image-2856\" width=\"1491\" height=\"488\" title=\"Bild1\" loading=\"lazy\" role=\"img\"\/><\/figure><\/div>\n<\/div><\/div>","protected":false},"excerpt":{"rendered":"","protected":false},"author":1,"featured_media":0,"parent":0,"menu_order":20,"comment_status":"closed","ping_status":"closed","template":"","meta":{"_uag_custom_page_level_css":"","site-sidebar-layout":"no-sidebar","site-content-layout":"page-builder","ast-site-content-layout":"full-width-container","site-content-style":"default","site-sidebar-style":"unboxed","ast-global-header-display":"","ast-banner-title-visibility":"","ast-main-header-display":"","ast-hfb-above-header-display":"","ast-hfb-below-header-display":"","ast-hfb-mobile-header-display":"","site-post-title":"disabled","ast-breadcrumbs-content":"","ast-featured-img":"disabled","footer-sml-layout":"","ast-disable-related-posts":"","theme-transparent-header-meta":"enabled","adv-header-id-meta":"","stick-header-meta":"","header-above-stick-meta":"","header-main-stick-meta":"","header-below-stick-meta":"","astra-migrate-meta-layouts":"set","ast-page-background-enabled":"default","ast-page-background-meta":{"desktop":{"background-color":"var(--ast-global-color-4)","background-image":"","background-repeat":"repeat","background-position":"center center","background-size":"auto","background-attachment":"scroll","background-type":"","background-media":"","overlay-type":"","overlay-color":"","overlay-opacity":"","overlay-gradient":""},"tablet":{"background-color":"","background-image":"","background-repeat":"repeat","background-position":"center center","background-size":"auto","background-attachment":"scroll","background-type":"","background-media":"","overlay-type":"","overlay-color":"","overlay-opacity":"","overlay-gradient":""},"mobile":{"background-color":"","background-image":"","background-repeat":"repeat","background-position":"center center","background-size":"auto","background-attachment":"scroll","background-type":"","background-media":"","overlay-type":"","overlay-color":"","overlay-opacity":"","overlay-gradient":""}},"ast-content-background-meta":{"desktop":{"background-color":"var(--ast-global-color-5)","background-image":"","background-repeat":"repeat","background-position":"center center","background-size":"auto","background-attachment":"scroll","background-type":"","background-media":"","overlay-type":"","overlay-color":"","overlay-opacity":"","overlay-gradient":""},"tablet":{"background-color":"var(--ast-global-color-5)","background-image":"","background-repeat":"repeat","background-position":"center center","background-size":"auto","background-attachment":"scroll","background-type":"","background-media":"","overlay-type":"","overlay-color":"","overlay-opacity":"","overlay-gradient":""},"mobile":{"background-color":"var(--ast-global-color-5)","background-image":"","background-repeat":"repeat","background-position":"center center","background-size":"auto","background-attachment":"scroll","background-type":"","background-media":"","overlay-type":"","overlay-color":"","overlay-opacity":"","overlay-gradient":""}},"footnotes":""},"class_list":["post-760","page","type-page","status-publish","hentry"],"yoast_head":"<!-- This site is optimized with the Yoast SEO plugin v27.2 - https:\/\/yoast.com\/product\/yoast-seo-wordpress\/ -->\n<title>Andrea Schollmeyer \u2013 Psychotherapie und Ayurveda in Frankfurt<\/title>\n<meta name=\"description\" content=\"Von Ern\u00e4hrungswissenschaft \u00fcber Ayurveda zur Psychotherapie: Individuelle Begleitung bei Krisen, Stress, \u00c4ngsten &amp; mentalen Belastungen\" \/>\n<meta name=\"robots\" content=\"index, follow, max-snippet:-1, max-image-preview:large, max-video-preview:-1\" \/>\n<link rel=\"canonical\" href=\"https:\/\/praxis-schollmeyer.de\/en\/about\/\" \/>\n<meta property=\"og:locale\" content=\"en_GB\" \/>\n<meta property=\"og:type\" content=\"article\" \/>\n<meta property=\"og:title\" content=\"Andrea Schollmeyer \u2013 Psychotherapie und Ayurveda in Frankfurt\" \/>\n<meta property=\"og:description\" content=\"Von Ern\u00e4hrungswissenschaft \u00fcber Ayurveda zur Psychotherapie: Individuelle Begleitung bei Krisen, Stress, \u00c4ngsten &amp; mentalen Belastungen\" \/>\n<meta property=\"og:url\" content=\"https:\/\/praxis-schollmeyer.de\/en\/about\/\" \/>\n<meta property=\"og:site_name\" content=\"Praxis Schollmeyer\" \/>\n<meta property=\"article:modified_time\" content=\"2025-10-02T13:47:11+00:00\" \/>\n<meta property=\"og:image\" content=\"https:\/\/praxis-schollmeyer.de\/wp-content\/uploads\/2025\/03\/DSC02797-scaled.jpg\" \/>\n<meta name=\"twitter:card\" content=\"summary_large_image\" \/>\n<meta name=\"twitter:label1\" content=\"Estimated reading time\" \/>\n\t<meta name=\"twitter:data1\" content=\"4 minutes\" \/>\n<script type=\"application\/ld+json\" class=\"yoast-schema-graph\">{\"@context\":\"https:\/\/schema.org\",\"@graph\":[{\"@type\":\"WebPage\",\"@id\":\"https:\/\/praxis-schollmeyer.de\/about\/\",\"url\":\"https:\/\/praxis-schollmeyer.de\/about\/\",\"name\":\"Andrea Schollmeyer \u2013 Psychotherapie und Ayurveda in Frankfurt\",\"isPartOf\":{\"@id\":\"https:\/\/praxis-schollmeyer.de\/#website\"},\"primaryImageOfPage\":{\"@id\":\"https:\/\/praxis-schollmeyer.de\/about\/#primaryimage\"},\"image\":{\"@id\":\"https:\/\/praxis-schollmeyer.de\/about\/#primaryimage\"},\"thumbnailUrl\":\"https:\/\/praxis-schollmeyer.de\/wp-content\/uploads\/2025\/03\/DSC02797-scaled.jpg\",\"datePublished\":\"2025-01-30T12:09:14+00:00\",\"dateModified\":\"2025-10-02T13:47:11+00:00\",\"description\":\"Von Ern\u00e4hrungswissenschaft \u00fcber Ayurveda zur Psychotherapie: Individuelle Begleitung bei Krisen, Stress, \u00c4ngsten & mentalen Belastungen\",\"breadcrumb\":{\"@id\":\"https:\/\/praxis-schollmeyer.de\/about\/#breadcrumb\"},\"inLanguage\":\"en-GB\",\"potentialAction\":[{\"@type\":\"ReadAction\",\"target\":[\"https:\/\/praxis-schollmeyer.de\/about\/\"]}]},{\"@type\":\"ImageObject\",\"inLanguage\":\"en-GB\",\"@id\":\"https:\/\/praxis-schollmeyer.de\/about\/#primaryimage\",\"url\":\"https:\/\/praxis-schollmeyer.de\/wp-content\/uploads\/2025\/03\/DSC02797-scaled.jpg\",\"contentUrl\":\"https:\/\/praxis-schollmeyer.de\/wp-content\/uploads\/2025\/03\/DSC02797-scaled.jpg\"},{\"@type\":\"BreadcrumbList\",\"@id\":\"https:\/\/praxis-schollmeyer.de\/about\/#breadcrumb\",\"itemListElement\":[{\"@type\":\"ListItem\",\"position\":1,\"name\":\"Startseite\",\"item\":\"https:\/\/praxis-schollmeyer.de\/\"},{\"@type\":\"ListItem\",\"position\":2,\"name\":\"\u00dcber mich\"}]},{\"@type\":\"WebSite\",\"@id\":\"https:\/\/praxis-schollmeyer.de\/#website\",\"url\":\"https:\/\/praxis-schollmeyer.de\/\",\"name\":\"Praxis Schollmeyer\",\"description\":\"\",\"publisher\":{\"@id\":\"https:\/\/praxis-schollmeyer.de\/#organization\"},\"potentialAction\":[{\"@type\":\"SearchAction\",\"target\":{\"@type\":\"EntryPoint\",\"urlTemplate\":\"https:\/\/praxis-schollmeyer.de\/?s={search_term_string}\"},\"query-input\":{\"@type\":\"PropertyValueSpecification\",\"valueRequired\":true,\"valueName\":\"search_term_string\"}}],\"inLanguage\":\"en-GB\"},{\"@type\":\"Organization\",\"@id\":\"https:\/\/praxis-schollmeyer.de\/#organization\",\"name\":\"Praxis Schollmeyer\",\"url\":\"https:\/\/praxis-schollmeyer.de\/\",\"logo\":{\"@type\":\"ImageObject\",\"inLanguage\":\"en-GB\",\"@id\":\"https:\/\/praxis-schollmeyer.de\/#\/schema\/logo\/image\/\",\"url\":\"https:\/\/praxis-schollmeyer.de\/wp-content\/uploads\/2025\/03\/PNG-04.png\",\"contentUrl\":\"https:\/\/praxis-schollmeyer.de\/wp-content\/uploads\/2025\/03\/PNG-04.png\",\"width\":4584,\"height\":2709,\"caption\":\"Praxis Schollmeyer\"},\"image\":{\"@id\":\"https:\/\/praxis-schollmeyer.de\/#\/schema\/logo\/image\/\"}}]}<\/script>\n<!-- \/ Yoast SEO plugin. -->","yoast_head_json":{"title":"Andrea Schollmeyer \u2013 Psychotherapie und Ayurveda in Frankfurt","description":"Von Ern\u00e4hrungswissenschaft \u00fcber Ayurveda zur Psychotherapie: Individuelle Begleitung bei Krisen, Stress, \u00c4ngsten & mentalen Belastungen","robots":{"index":"index","follow":"follow","max-snippet":"max-snippet:-1","max-image-preview":"max-image-preview:large","max-video-preview":"max-video-preview:-1"},"canonical":"https:\/\/praxis-schollmeyer.de\/en\/about\/","og_locale":"en_GB","og_type":"article","og_title":"Andrea Schollmeyer \u2013 Psychotherapie und Ayurveda in Frankfurt","og_description":"Von Ern\u00e4hrungswissenschaft \u00fcber Ayurveda zur Psychotherapie: Individuelle Begleitung bei Krisen, Stress, \u00c4ngsten & mentalen Belastungen","og_url":"https:\/\/praxis-schollmeyer.de\/en\/about\/","og_site_name":"Praxis Schollmeyer","article_modified_time":"2025-10-02T13:47:11+00:00","og_image":[{"url":"https:\/\/praxis-schollmeyer.de\/wp-content\/uploads\/2025\/03\/DSC02797-scaled.jpg","type":"","width":"","height":""}],"twitter_card":"summary_large_image","twitter_misc":{"Estimated reading time":"4 minutes"},"schema":{"@context":"https:\/\/schema.org","@graph":[{"@type":"WebPage","@id":"https:\/\/praxis-schollmeyer.de\/about\/","url":"https:\/\/praxis-schollmeyer.de\/about\/","name":"Andrea Schollmeyer \u2013 Psychotherapie und Ayurveda in Frankfurt","isPartOf":{"@id":"https:\/\/praxis-schollmeyer.de\/#website"},"primaryImageOfPage":{"@id":"https:\/\/praxis-schollmeyer.de\/about\/#primaryimage"},"image":{"@id":"https:\/\/praxis-schollmeyer.de\/about\/#primaryimage"},"thumbnailUrl":"https:\/\/praxis-schollmeyer.de\/wp-content\/uploads\/2025\/03\/DSC02797-scaled.jpg","datePublished":"2025-01-30T12:09:14+00:00","dateModified":"2025-10-02T13:47:11+00:00","description":"Von Ern\u00e4hrungswissenschaft \u00fcber Ayurveda zur Psychotherapie: Individuelle Begleitung bei Krisen, Stress, \u00c4ngsten & mentalen Belastungen","breadcrumb":{"@id":"https:\/\/praxis-schollmeyer.de\/about\/#breadcrumb"},"inLanguage":"en-GB","potentialAction":[{"@type":"ReadAction","target":["https:\/\/praxis-schollmeyer.de\/about\/"]}]},{"@type":"ImageObject","inLanguage":"en-GB","@id":"https:\/\/praxis-schollmeyer.de\/about\/#primaryimage","url":"https:\/\/praxis-schollmeyer.de\/wp-content\/uploads\/2025\/03\/DSC02797-scaled.jpg","contentUrl":"https:\/\/praxis-schollmeyer.de\/wp-content\/uploads\/2025\/03\/DSC02797-scaled.jpg"},{"@type":"BreadcrumbList","@id":"https:\/\/praxis-schollmeyer.de\/about\/#breadcrumb","itemListElement":[{"@type":"ListItem","position":1,"name":"Startseite","item":"https:\/\/praxis-schollmeyer.de\/"},{"@type":"ListItem","position":2,"name":"\u00dcber mich"}]},{"@type":"WebSite","@id":"https:\/\/praxis-schollmeyer.de\/#website","url":"https:\/\/praxis-schollmeyer.de\/","name":"Praxis Schollmeyer","description":"","publisher":{"@id":"https:\/\/praxis-schollmeyer.de\/#organization"},"potentialAction":[{"@type":"SearchAction","target":{"@type":"EntryPoint","urlTemplate":"https:\/\/praxis-schollmeyer.de\/?s={search_term_string}"},"query-input":{"@type":"PropertyValueSpecification","valueRequired":true,"valueName":"search_term_string"}}],"inLanguage":"en-GB"},{"@type":"Organization","@id":"https:\/\/praxis-schollmeyer.de\/#organization","name":"Praxis Schollmeyer","url":"https:\/\/praxis-schollmeyer.de\/","logo":{"@type":"ImageObject","inLanguage":"en-GB","@id":"https:\/\/praxis-schollmeyer.de\/#\/schema\/logo\/image\/","url":"https:\/\/praxis-schollmeyer.de\/wp-content\/uploads\/2025\/03\/PNG-04.png","contentUrl":"https:\/\/praxis-schollmeyer.de\/wp-content\/uploads\/2025\/03\/PNG-04.png","width":4584,"height":2709,"caption":"Praxis Schollmeyer"},"image":{"@id":"https:\/\/praxis-schollmeyer.de\/#\/schema\/logo\/image\/"}}]}},"uagb_featured_image_src":{"full":false,"thumbnail":false,"medium":false,"medium_large":false,"large":false,"1536x1536":false,"2048x2048":false,"trp-custom-language-flag":false},"uagb_author_info":{"display_name":"manu0285","author_link":"https:\/\/praxis-schollmeyer.de\/en\/author\/manu0285\/"},"uagb_comment_info":0,"uagb_excerpt":null,"_links":{"self":[{"href":"https:\/\/praxis-schollmeyer.de\/en\/wp-json\/wp\/v2\/pages\/760","targetHints":{"allow":["GET"]}}],"collection":[{"href":"https:\/\/praxis-schollmeyer.de\/en\/wp-json\/wp\/v2\/pages"}],"about":[{"href":"https:\/\/praxis-schollmeyer.de\/en\/wp-json\/wp\/v2\/types\/page"}],"author":[{"embeddable":true,"href":"https:\/\/praxis-schollmeyer.de\/en\/wp-json\/wp\/v2\/users\/1"}],"replies":[{"embeddable":true,"href":"https:\/\/praxis-schollmeyer.de\/en\/wp-json\/wp\/v2\/comments?post=760"}],"version-history":[{"count":6,"href":"https:\/\/praxis-schollmeyer.de\/en\/wp-json\/wp\/v2\/pages\/760\/revisions"}],"predecessor-version":[{"id":3101,"href":"https:\/\/praxis-schollmeyer.de\/en\/wp-json\/wp\/v2\/pages\/760\/revisions\/3101"}],"wp:attachment":[{"href":"https:\/\/praxis-schollmeyer.de\/en\/wp-json\/wp\/v2\/media?parent=760"}],"curies":[{"name":"wp","href":"https:\/\/api.w.org\/{rel}","templated":true}]}}