{"id":2819,"date":"2025-03-25T15:17:05","date_gmt":"2025-03-25T15:17:05","guid":{"rendered":"https:\/\/praxis-schollmeyer.de\/?page_id=2819"},"modified":"2026-03-15T19:47:01","modified_gmt":"2026-03-15T18:47:01","slug":"impressum-praxis-schollmeyer-frankfurt-nordend","status":"publish","type":"page","link":"https:\/\/praxis-schollmeyer.de\/en\/impressum-praxis-schollmeyer-frankfurt-nordend\/","title":{"rendered":"Impressum"},"content":{"rendered":"<div class=\"wp-block-uagb-container uagb-block-a6b158bc alignfull uagb-is-root-container\"><div class=\"uagb-container-inner-blocks-wrap\">\n<div class=\"wp-block-uagb-info-box uagb-block-7aa38b7e uagb-infobox__content-wrap  uagb-infobox-icon-above-title uagb-infobox-image-valign-top wp-block-uagb-info-box--has-margin\"><div class=\"uagb-infobox-margin-wrapper\"><div class=\"uagb-ifb-content\"><div class=\"uagb-ifb-title-wrap\"><h1 class=\"uagb-ifb-title\">Impressum<\/h1><\/div><\/div><\/div><\/div>\n<\/div><\/div>\n\n\n\n<div class=\"wp-block-uagb-container uagb-block-09daa510 alignfull uagb-is-root-container\"><div class=\"uagb-container-inner-blocks-wrap\">\n<div class=\"wp-block-uagb-info-box uagb-block-3590dd4f uagb-infobox__content-wrap  uagb-infobox-icon-above-title uagb-infobox-image-valign-top\"><div class=\"uagb-ifb-content\"><div class=\"uagb-ifb-title-wrap\"><\/div><p class=\"uagb-ifb-desc\"><strong>Praxis Schollmeyer<\/strong><br>Andrea Schollmeyer<br>non-medical practitioner for psychotherapy (Heilpraktikerin f\u00fcr Psychotherapie)<br>S\u00f6mmerringstra\u00dfe 32<br>60322 Frankfurt am Main<br>\u00a0<br>+49 176 43169119<br><a href=\"mailto:mail@praxis-schollmeyer.de\">mail@praxis-schollmeyer.de<\/a><br>\u00a0<br><strong>Gesetzliche Berufsbezeichnung<\/strong><br>Heilpraktikerin eingeschr\u00e4nkt auf das Gebiet der Psychotherapie<br>Die Erlaubnis nach \u00a71 Abs. 1 des Heilpraktikergesetzes wurde mir am 5.12.2024 durch<br>das Gesundheitsamt der Stadt Frankfurt am Main erteilt.<br>\u00a0<br><strong>Zust\u00e4ndige Aufsichtsbeh\u00f6rde<\/strong><br>Gesundheitsamt Frankfurt am Main, Breite G. 28, 60313 Frankfurt<br><a href=\"https:\/\/frankfurt.de\/service-und-rathaus\/verwaltung\/aemter-und-institutionen\/gesundheitsamt\">https:\/\/frankfurt.de\/service-und-rathaus\/verwaltung\/aemter-und-institutionen\/gesundheitsamt<\/a><br>\u00a0<br><strong>Berufsrechtliche Regelungen<\/strong><br>Heilpraktikergesetz und Durchf\u00fchrungsverordnung: Nachzulesen im Internet unter<br><a href=\"https:\/\/www.gesetze-im-internet.de\/heilprg\/BJNR002510939.html\">https:\/\/www.gesetze-im-internet.de\/heilprg\/BJNR002510939.html<\/a><br>\u00a0<br><strong>Verbandsmitgliedschaft<\/strong><br>Mitglied im Verband Freier Psychotherapeuten, Heilpraktiker f\u00fcr Psychotherapie und<br>Psychologischer Berater e.V. https:\/\/www.vfp.de\/<br>Berufsordnung des VFP e.V.: https:\/\/vfp.de\/verband\/berufsordnung<br><strong>\u00a0<\/strong><br><strong>Berufshaftpflichtversicherung<\/strong><br>Continentale Sachversicherung AG, Continentale-Allee 1, 44269 Dortmund<br>Geltungsbereich: Bundesrepublik Deutschland<br><strong>\u00a0<\/strong><br><strong>Hinweis auf \u00a7 4 Nr. 14 UstG<\/strong><br>Heilkundliche T\u00e4tigkeiten sind gem\u00e4\u00df \u00a7 4 Nr. 14 UStG von der Umsatzsteuer befreit. Aus<br>diesem Grund erhebe ich keine Umsatzsteuer und weise diese folglich auch nicht aus.<br><strong>\u00a0<\/strong><br><strong>Hinweis gem\u00e4\u00df Online-Streitbeilegungs-Verordnung<\/strong><br>Nach geltendem Recht sind wir verpflichtet, Verbraucher auf die Existenz der Europ\u00e4ischen Online-Streitbeilegungs-Plattform hinzuweisen, die f\u00fcr die Beilegung von Streitigkeiten genutzt werden kann, ohne dass ein Gericht eingeschaltet werden muss. F\u00fcr die Einrichtung der Plattform ist die Europ\u00e4ische Kommission zust\u00e4ndig. Die Europ\u00e4ische Online-Streitbeilegungs-Plattform ist hier zu finden:<br>http:\/\/ec.europa.eu\/odr. Unsere E-Mail lautet: mail@praxis-schollmeyer.de<br>Wir weisen aber darauf hin, dass wir nicht bereit sind, uns am Streitbeilegungsverfahren im Rahmen der Europ\u00e4ischen Online-Streitbeilegungs-Plattform zu beteiligen. Nutzen Sie zur Kontaktaufnahme bitte unsere obige E-Mail und Telefonnummer.<br>\u00a0<br><strong>Hinweis gem\u00e4\u00df Verbraucherstreitbeilegungsgesetz (VSBG)<\/strong><br>Wir sind nicht bereit und verpflichtet, an Streitbeilegungsverfahren vor einer Verbraucherschlichtungsstelle teilzunehmen.<br>\u00a0<br><strong>Urheberangaben f\u00fcr die verwendeten Bilder<\/strong><br>Verwendung von Bildmaterial des Fotografen Patrick Alasovic<br>\u00a0<br><strong>Hinweis psychotherapeutische Verfahren<\/strong><br>Nicht alle der von mir auf dieser Webseite beschriebenen psychotherapeutischen Verfahren gelten in Deutschland als \u201ewissenschaftlich anerkannt\u201c nach den Kriterien der Schulmedizin, werden aber hier und in vielen anderen L\u00e4ndern der Welt auf der Basis von Erfahrungswissen angewandt. Welche Ans\u00e4tze f\u00fcr Sie geeignet erscheinen, finden wir gemeinsam heraus, wobei ein Heil- oder Erfolgsversprechen nicht gegeben werden kann \u2013 zumal Ablauf und Wirkung einer konkreten Behandlung stets von vielen individuellen Faktoren abh\u00e4ngen.<br>\u00a0<br><strong>Disclaimer \u2013 rechtliche Hinweise<\/strong><br><br><strong>\u00a7 1 Warnhinweis zu Inhalten<\/strong><br>Die kostenlosen und frei zug\u00e4nglichen Inhalte dieser Webseite wurden mit gr\u00f6\u00dftm\u00f6glicher Sorgfalt erstellt. Der Anbieter dieser Webseite \u00fcbernimmt jedoch keine Gew\u00e4hr f\u00fcr die Richtigkeit und Aktualit\u00e4t der bereitgestellten kostenlosen und frei zug\u00e4nglichen journalistischen Ratgeber und Nachrichten. Namentlich<br>gekennzeichnete Beitr\u00e4ge geben die Meinung des jeweiligen Autors und nicht immer die Meinung des Anbieters wieder. Allein durch den Aufruf der kostenlosen und frei zug\u00e4nglichen Inhalte kommt keinerlei Vertragsverh\u00e4ltnis zwischen dem Nutzer und dem Anbieter zustande, insoweit fehlt es am Rechtsbindungswillen des Anbieters.<br><br><strong>\u00a7 2 Externe Links<\/strong><br>Diese Website enth\u00e4lt Verkn\u00fcpfungen zu Websites Dritter (&#8222;externe Links&#8220;). Diese Websites unterliegen der Haftung der jeweiligen Betreiber. Der Anbieter hat bei der erstmaligen Verkn\u00fcpfung der externen Links die fremden Inhalte daraufhin \u00fcberpr\u00fcft, ob etwaige Rechtsverst\u00f6\u00dfe bestehen. Zu dem Zeitpunkt waren keine Rechtsverst\u00f6\u00dfe ersichtlich. Der Anbieter hat keinerlei Einfluss auf die aktuelle und zuk\u00fcnftige Gestaltung und auf die Inhalte der verkn\u00fcpften Seiten. Das Setzen von externen Links bedeutet nicht, dass sich der Anbieter die hinter dem Verweis oder Link liegenden Inhalte zu Eigen macht. Eine st\u00e4ndige Kontrolle der externen Links ist f\u00fcr den Anbieter ohne konkrete Hinweise auf Rechtsverst\u00f6\u00dfe nicht zumutbar. Bei Kenntnis von Rechtsverst\u00f6\u00dfen werden jedoch derartige externe Links unverz\u00fcglich gel\u00f6scht.<br><br><strong>\u00a7 3 Urheber- und Leistungsschutzrechte<\/strong><br>Die auf dieser Website ver\u00f6ffentlichten Inhalte unterliegen dem deutschen Urheber- und<br>Leistungsschutzrecht. Jede vom deutschen Urheber- und Leistungsschutzrecht nicht zugelassene Verwertung bedarf der vorherigen schriftlichen Zustimmung des Anbieters oder jeweiligen Rechteinhabers. Dies gilt insbesondere f\u00fcr Vervielf\u00e4ltigung, Bearbeitung, \u00dcbersetzung, Einspeicherung, Verarbeitung bzw. Wiedergabe von Inhalten in Datenbanken oder anderen elektronischen Medien und Systemen. Inhalte und<br>Rechte Dritter sind dabei als solche gekennzeichnet. Die unerlaubte Vervielf\u00e4ltigung oder Weitergabe einzelner Inhalte oder kompletter Seiten ist nicht gestattet und strafbar. Lediglich die Herstellung von Kopien und Downloads f\u00fcr den pers\u00f6nlichen, privaten und nicht kommerziellen Gebrauch ist erlaubt. Die Darstellung dieser Website in fremden Frames ist nur mit schriftlicher Erlaubnis zul\u00e4ssig.<br><br><strong>\u00a7 4 Besondere Nutzungsbedingungen<\/strong><br>Soweit besondere Bedingungen f\u00fcr einzelne Nutzungen dieser Website von den vorgenannten Paragraphen abweichen, wird an entsprechender Stelle ausdr\u00fccklich darauf hingewiesen. In diesem Falle gelten im jeweiligen Einzelfall die besonderen Nutzungsbedingungen.<br><br>Quelle: <a href=\"https:\/\/www.juraforum.de\/impressum-generator\/\">https:\/\/www.juraforum.de\/impressum-generator\/<\/a><\/p><\/div><\/div>\n<\/div><\/div>","protected":false},"excerpt":{"rendered":"","protected":false},"author":1,"featured_media":0,"parent":0,"menu_order":200,"comment_status":"closed","ping_status":"closed","template":"","meta":{"_uag_custom_page_level_css":"","site-sidebar-layout":"default","site-content-layout":"","ast-site-content-layout":"full-width-container","site-content-style":"default","site-sidebar-style":"default","ast-global-header-display":"","ast-banner-title-visibility":"","ast-main-header-display":"","ast-hfb-above-header-display":"","ast-hfb-below-header-display":"","ast-hfb-mobile-header-display":"","site-post-title":"disabled","ast-breadcrumbs-content":"","ast-featured-img":"","footer-sml-layout":"","ast-disable-related-posts":"","theme-transparent-header-meta":"enabled","adv-header-id-meta":"","stick-header-meta":"","header-above-stick-meta":"","header-main-stick-meta":"","header-below-stick-meta":"","astra-migrate-meta-layouts":"set","ast-page-background-enabled":"default","ast-page-background-meta":{"desktop":{"background-color":"var(--ast-global-color-4)","background-image":"","background-repeat":"repeat","background-position":"center center","background-size":"auto","background-attachment":"scroll","background-type":"","background-media":"","overlay-type":"","overlay-color":"","overlay-opacity":"","overlay-gradient":""},"tablet":{"background-color":"","background-image":"","background-repeat":"repeat","background-position":"center center","background-size":"auto","background-attachment":"scroll","background-type":"","background-media":"","overlay-type":"","overlay-color":"","overlay-opacity":"","overlay-gradient":""},"mobile":{"background-color":"","background-image":"","background-repeat":"repeat","background-position":"center center","background-size":"auto","background-attachment":"scroll","background-type":"","background-media":"","overlay-type":"","overlay-color":"","overlay-opacity":"","overlay-gradient":""}},"ast-content-background-meta":{"desktop":{"background-color":"var(--ast-global-color-5)","background-image":"","background-repeat":"repeat","background-position":"center center","background-size":"auto","background-attachment":"scroll","background-type":"","background-media":"","overlay-type":"","overlay-color":"","overlay-opacity":"","overlay-gradient":""},"tablet":{"background-color":"var(--ast-global-color-5)","background-image":"","background-repeat":"repeat","background-position":"center center","background-size":"auto","background-attachment":"scroll","background-type":"","background-media":"","overlay-type":"","overlay-color":"","overlay-opacity":"","overlay-gradient":""},"mobile":{"background-color":"var(--ast-global-color-5)","background-image":"","background-repeat":"repeat","background-position":"center center","background-size":"auto","background-attachment":"scroll","background-type":"","background-media":"","overlay-type":"","overlay-color":"","overlay-opacity":"","overlay-gradient":""}},"footnotes":""},"class_list":["post-2819","page","type-page","status-publish","hentry"],"yoast_head":"<!-- This site is optimized with the Yoast SEO plugin v27.2 - https:\/\/yoast.com\/product\/yoast-seo-wordpress\/ -->\n<title>Impressum - Praxis Schollmeyer<\/title>\n<meta name=\"description\" content=\"Impressum Praxis f\u00fcr Psychotherapie Frankfurt Nordend Andrea Schollmeyer - Kurzzeittherapie, Ayurvedische Psychotherapie\" \/>\n<meta name=\"robots\" content=\"index, follow, max-snippet:-1, max-image-preview:large, max-video-preview:-1\" \/>\n<link rel=\"canonical\" href=\"https:\/\/praxis-schollmeyer.de\/en\/impressum-praxis-schollmeyer-frankfurt-nordend\/\" \/>\n<meta property=\"og:locale\" content=\"en_GB\" \/>\n<meta property=\"og:type\" content=\"article\" \/>\n<meta property=\"og:title\" content=\"Impressum - Praxis Schollmeyer\" \/>\n<meta property=\"og:description\" content=\"Impressum Praxis f\u00fcr Psychotherapie Frankfurt Nordend Andrea Schollmeyer - Kurzzeittherapie, Ayurvedische Psychotherapie\" \/>\n<meta property=\"og:url\" content=\"https:\/\/praxis-schollmeyer.de\/en\/impressum-praxis-schollmeyer-frankfurt-nordend\/\" \/>\n<meta property=\"og:site_name\" content=\"Praxis Schollmeyer\" \/>\n<meta property=\"article:modified_time\" content=\"2026-03-15T18:47:01+00:00\" \/>\n<meta name=\"twitter:card\" content=\"summary_large_image\" \/>\n<meta name=\"twitter:label1\" content=\"Estimated reading time\" \/>\n\t<meta name=\"twitter:data1\" content=\"4 minutes\" \/>\n<script type=\"application\/ld+json\" class=\"yoast-schema-graph\">{\"@context\":\"https:\/\/schema.org\",\"@graph\":[{\"@type\":\"WebPage\",\"@id\":\"https:\/\/praxis-schollmeyer.de\/impressum-praxis-schollmeyer-frankfurt-nordend\/\",\"url\":\"https:\/\/praxis-schollmeyer.de\/impressum-praxis-schollmeyer-frankfurt-nordend\/\",\"name\":\"Impressum - Praxis Schollmeyer\",\"isPartOf\":{\"@id\":\"https:\/\/praxis-schollmeyer.de\/#website\"},\"datePublished\":\"2025-03-25T15:17:05+00:00\",\"dateModified\":\"2026-03-15T18:47:01+00:00\",\"description\":\"Impressum Praxis f\u00fcr Psychotherapie Frankfurt Nordend Andrea Schollmeyer - Kurzzeittherapie, Ayurvedische Psychotherapie\",\"breadcrumb\":{\"@id\":\"https:\/\/praxis-schollmeyer.de\/impressum-praxis-schollmeyer-frankfurt-nordend\/#breadcrumb\"},\"inLanguage\":\"en-GB\",\"potentialAction\":[{\"@type\":\"ReadAction\",\"target\":[\"https:\/\/praxis-schollmeyer.de\/impressum-praxis-schollmeyer-frankfurt-nordend\/\"]}]},{\"@type\":\"BreadcrumbList\",\"@id\":\"https:\/\/praxis-schollmeyer.de\/impressum-praxis-schollmeyer-frankfurt-nordend\/#breadcrumb\",\"itemListElement\":[{\"@type\":\"ListItem\",\"position\":1,\"name\":\"Startseite\",\"item\":\"https:\/\/praxis-schollmeyer.de\/\"},{\"@type\":\"ListItem\",\"position\":2,\"name\":\"Impressum\"}]},{\"@type\":\"WebSite\",\"@id\":\"https:\/\/praxis-schollmeyer.de\/#website\",\"url\":\"https:\/\/praxis-schollmeyer.de\/\",\"name\":\"Praxis Schollmeyer\",\"description\":\"\",\"publisher\":{\"@id\":\"https:\/\/praxis-schollmeyer.de\/#organization\"},\"potentialAction\":[{\"@type\":\"SearchAction\",\"target\":{\"@type\":\"EntryPoint\",\"urlTemplate\":\"https:\/\/praxis-schollmeyer.de\/?s={search_term_string}\"},\"query-input\":{\"@type\":\"PropertyValueSpecification\",\"valueRequired\":true,\"valueName\":\"search_term_string\"}}],\"inLanguage\":\"en-GB\"},{\"@type\":\"Organization\",\"@id\":\"https:\/\/praxis-schollmeyer.de\/#organization\",\"name\":\"Praxis Schollmeyer\",\"url\":\"https:\/\/praxis-schollmeyer.de\/\",\"logo\":{\"@type\":\"ImageObject\",\"inLanguage\":\"en-GB\",\"@id\":\"https:\/\/praxis-schollmeyer.de\/#\/schema\/logo\/image\/\",\"url\":\"https:\/\/praxis-schollmeyer.de\/wp-content\/uploads\/2025\/03\/PNG-04.png\",\"contentUrl\":\"https:\/\/praxis-schollmeyer.de\/wp-content\/uploads\/2025\/03\/PNG-04.png\",\"width\":4584,\"height\":2709,\"caption\":\"Praxis Schollmeyer\"},\"image\":{\"@id\":\"https:\/\/praxis-schollmeyer.de\/#\/schema\/logo\/image\/\"}}]}<\/script>\n<!-- \/ Yoast SEO plugin. -->","yoast_head_json":{"title":"Impressum - Praxis Schollmeyer","description":"Impressum Praxis f\u00fcr Psychotherapie Frankfurt Nordend Andrea Schollmeyer - Kurzzeittherapie, Ayurvedische Psychotherapie","robots":{"index":"index","follow":"follow","max-snippet":"max-snippet:-1","max-image-preview":"max-image-preview:large","max-video-preview":"max-video-preview:-1"},"canonical":"https:\/\/praxis-schollmeyer.de\/en\/impressum-praxis-schollmeyer-frankfurt-nordend\/","og_locale":"en_GB","og_type":"article","og_title":"Impressum - Praxis Schollmeyer","og_description":"Impressum Praxis f\u00fcr Psychotherapie Frankfurt Nordend Andrea Schollmeyer - Kurzzeittherapie, Ayurvedische Psychotherapie","og_url":"https:\/\/praxis-schollmeyer.de\/en\/impressum-praxis-schollmeyer-frankfurt-nordend\/","og_site_name":"Praxis Schollmeyer","article_modified_time":"2026-03-15T18:47:01+00:00","twitter_card":"summary_large_image","twitter_misc":{"Estimated reading time":"4 minutes"},"schema":{"@context":"https:\/\/schema.org","@graph":[{"@type":"WebPage","@id":"https:\/\/praxis-schollmeyer.de\/impressum-praxis-schollmeyer-frankfurt-nordend\/","url":"https:\/\/praxis-schollmeyer.de\/impressum-praxis-schollmeyer-frankfurt-nordend\/","name":"Impressum - Praxis Schollmeyer","isPartOf":{"@id":"https:\/\/praxis-schollmeyer.de\/#website"},"datePublished":"2025-03-25T15:17:05+00:00","dateModified":"2026-03-15T18:47:01+00:00","description":"Impressum Praxis f\u00fcr Psychotherapie Frankfurt Nordend Andrea Schollmeyer - Kurzzeittherapie, Ayurvedische Psychotherapie","breadcrumb":{"@id":"https:\/\/praxis-schollmeyer.de\/impressum-praxis-schollmeyer-frankfurt-nordend\/#breadcrumb"},"inLanguage":"en-GB","potentialAction":[{"@type":"ReadAction","target":["https:\/\/praxis-schollmeyer.de\/impressum-praxis-schollmeyer-frankfurt-nordend\/"]}]},{"@type":"BreadcrumbList","@id":"https:\/\/praxis-schollmeyer.de\/impressum-praxis-schollmeyer-frankfurt-nordend\/#breadcrumb","itemListElement":[{"@type":"ListItem","position":1,"name":"Startseite","item":"https:\/\/praxis-schollmeyer.de\/"},{"@type":"ListItem","position":2,"name":"Impressum"}]},{"@type":"WebSite","@id":"https:\/\/praxis-schollmeyer.de\/#website","url":"https:\/\/praxis-schollmeyer.de\/","name":"Praxis Schollmeyer","description":"","publisher":{"@id":"https:\/\/praxis-schollmeyer.de\/#organization"},"potentialAction":[{"@type":"SearchAction","target":{"@type":"EntryPoint","urlTemplate":"https:\/\/praxis-schollmeyer.de\/?s={search_term_string}"},"query-input":{"@type":"PropertyValueSpecification","valueRequired":true,"valueName":"search_term_string"}}],"inLanguage":"en-GB"},{"@type":"Organization","@id":"https:\/\/praxis-schollmeyer.de\/#organization","name":"Praxis Schollmeyer","url":"https:\/\/praxis-schollmeyer.de\/","logo":{"@type":"ImageObject","inLanguage":"en-GB","@id":"https:\/\/praxis-schollmeyer.de\/#\/schema\/logo\/image\/","url":"https:\/\/praxis-schollmeyer.de\/wp-content\/uploads\/2025\/03\/PNG-04.png","contentUrl":"https:\/\/praxis-schollmeyer.de\/wp-content\/uploads\/2025\/03\/PNG-04.png","width":4584,"height":2709,"caption":"Praxis Schollmeyer"},"image":{"@id":"https:\/\/praxis-schollmeyer.de\/#\/schema\/logo\/image\/"}}]}},"uagb_featured_image_src":{"full":false,"thumbnail":false,"medium":false,"medium_large":false,"large":false,"1536x1536":false,"2048x2048":false,"trp-custom-language-flag":false},"uagb_author_info":{"display_name":"manu0285","author_link":"https:\/\/praxis-schollmeyer.de\/en\/author\/manu0285\/"},"uagb_comment_info":0,"uagb_excerpt":null,"_links":{"self":[{"href":"https:\/\/praxis-schollmeyer.de\/en\/wp-json\/wp\/v2\/pages\/2819","targetHints":{"allow":["GET"]}}],"collection":[{"href":"https:\/\/praxis-schollmeyer.de\/en\/wp-json\/wp\/v2\/pages"}],"about":[{"href":"https:\/\/praxis-schollmeyer.de\/en\/wp-json\/wp\/v2\/types\/page"}],"author":[{"embeddable":true,"href":"https:\/\/praxis-schollmeyer.de\/en\/wp-json\/wp\/v2\/users\/1"}],"replies":[{"embeddable":true,"href":"https:\/\/praxis-schollmeyer.de\/en\/wp-json\/wp\/v2\/comments?post=2819"}],"version-history":[{"count":1,"href":"https:\/\/praxis-schollmeyer.de\/en\/wp-json\/wp\/v2\/pages\/2819\/revisions"}],"predecessor-version":[{"id":3117,"href":"https:\/\/praxis-schollmeyer.de\/en\/wp-json\/wp\/v2\/pages\/2819\/revisions\/3117"}],"wp:attachment":[{"href":"https:\/\/praxis-schollmeyer.de\/en\/wp-json\/wp\/v2\/media?parent=2819"}],"curies":[{"name":"wp","href":"https:\/\/api.w.org\/{rel}","templated":true}]}}